{"id":1026,"date":"2012-03-05T09:55:49","date_gmt":"2012-03-05T08:55:49","guid":{"rendered":"http:\/\/philippelanglois.net\/lcd\/?page_id=1026"},"modified":"2022-07-09T19:55:55","modified_gmt":"2022-07-09T17:55:55","slug":"rez-de-chaussee-salon-des-oreilles","status":"publish","type":"page","link":"http:\/\/philippelanglois.net\/lcd\/?page_id=1026","title":{"rendered":"Salon des oreilles"},"content":{"rendered":"<p>Le salon des oreilles regroupe des \u0153uvres peintes, sculpt\u00e9es, photographiques inspir\u00e9e de l&rsquo;organe auditif.<\/p>\n<ul class=\"lcp_catlist\"><li><a href=\"http:\/\/philippelanglois.net\/lcd\/?p=1023\" title=\"BEETHOVEN TRUMPET (WITH EAR) op # 133 de John Baldessari (2007)\">BEETHOVEN TRUMPET (WITH EAR) op # 133 de John Baldessari (2007)<\/a>   <\/li><li><a href=\"http:\/\/philippelanglois.net\/lcd\/?p=1044\" title=\"EAR ON ARM de Stelarc (2007)\">EAR ON ARM de Stelarc (2007)<\/a>   <\/li><li><a href=\"http:\/\/philippelanglois.net\/lcd\/?p=515\" title=\"LE LABORATOIRE DE L'OUIE de Dziga Vertov (1916)\">LE LABORATOIRE DE L'OUIE de Dziga Vertov (1916)<\/a>   <\/li><li><a href=\"http:\/\/philippelanglois.net\/lcd\/?p=523\" title=\"RADIO GLAZ (Radio oreille) de Dziga Vertov\">RADIO GLAZ (Radio oreille) de Dziga Vertov<\/a>   <\/li><li><a href=\"http:\/\/philippelanglois.net\/lcd\/?p=537\" title=\"UNE ORECCHIO \/ EAR \/ OREILLE de Diego Perrone (2005)\">UNE ORECCHIO \/ EAR \/ OREILLE de Diego Perrone (2005)<\/a>   <\/li><\/ul>\n","protected":false},"excerpt":{"rendered":"<p>Le salon des oreilles regroupe des \u0153uvres peintes, sculpt\u00e9es, photographiques inspir\u00e9e de l&rsquo;organe auditif.<\/p>\n","protected":false},"author":2,"featured_media":0,"parent":216,"menu_order":3,"comment_status":"closed","ping_status":"open","template":"","meta":[],"_links":{"self":[{"href":"http:\/\/philippelanglois.net\/lcd\/index.php?rest_route=\/wp\/v2\/pages\/1026"}],"collection":[{"href":"http:\/\/philippelanglois.net\/lcd\/index.php?rest_route=\/wp\/v2\/pages"}],"about":[{"href":"http:\/\/philippelanglois.net\/lcd\/index.php?rest_route=\/wp\/v2\/types\/page"}],"author":[{"embeddable":true,"href":"http:\/\/philippelanglois.net\/lcd\/index.php?rest_route=\/wp\/v2\/users\/2"}],"replies":[{"embeddable":true,"href":"http:\/\/philippelanglois.net\/lcd\/index.php?rest_route=%2Fwp%2Fv2%2Fcomments&post=1026"}],"version-history":[{"count":6,"href":"http:\/\/philippelanglois.net\/lcd\/index.php?rest_route=\/wp\/v2\/pages\/1026\/revisions"}],"predecessor-version":[{"id":2111,"href":"http:\/\/philippelanglois.net\/lcd\/index.php?rest_route=\/wp\/v2\/pages\/1026\/revisions\/2111"}],"up":[{"embeddable":true,"href":"http:\/\/philippelanglois.net\/lcd\/index.php?rest_route=\/wp\/v2\/pages\/216"}],"wp:attachment":[{"href":"http:\/\/philippelanglois.net\/lcd\/index.php?rest_route=%2Fwp%2Fv2%2Fmedia&parent=1026"}],"curies":[{"name":"wp","href":"https:\/\/api.w.org\/{rel}","templated":true}]}}