{"id":2116,"date":"2022-07-09T19:58:17","date_gmt":"2022-07-09T17:58:17","guid":{"rendered":"http:\/\/philippelanglois.net\/lcd\/?page_id=2116"},"modified":"2022-11-01T14:06:36","modified_gmt":"2022-11-01T13:06:36","slug":"compositions","status":"publish","type":"page","link":"http:\/\/philippelanglois.net\/lcd\/?page_id=2116","title":{"rendered":"Cr\u00e9ations"},"content":{"rendered":"\n<p>Dans cet onglet se trouve r\u00e9unis les cr\u00e9ations musiques de films, installations et les films co-r\u00e9alis\u00e9s de l&rsquo;auteur. <\/p>\n","protected":false},"excerpt":{"rendered":"<p>Dans cet onglet se trouve r\u00e9unis les cr\u00e9ations musiques de films, installations et les films co-r\u00e9alis\u00e9s de l&rsquo;auteur.<\/p>\n","protected":false},"author":2,"featured_media":0,"parent":0,"menu_order":2,"comment_status":"closed","ping_status":"closed","template":"","meta":[],"_links":{"self":[{"href":"http:\/\/philippelanglois.net\/lcd\/index.php?rest_route=\/wp\/v2\/pages\/2116"}],"collection":[{"href":"http:\/\/philippelanglois.net\/lcd\/index.php?rest_route=\/wp\/v2\/pages"}],"about":[{"href":"http:\/\/philippelanglois.net\/lcd\/index.php?rest_route=\/wp\/v2\/types\/page"}],"author":[{"embeddable":true,"href":"http:\/\/philippelanglois.net\/lcd\/index.php?rest_route=\/wp\/v2\/users\/2"}],"replies":[{"embeddable":true,"href":"http:\/\/philippelanglois.net\/lcd\/index.php?rest_route=%2Fwp%2Fv2%2Fcomments&post=2116"}],"version-history":[{"count":4,"href":"http:\/\/philippelanglois.net\/lcd\/index.php?rest_route=\/wp\/v2\/pages\/2116\/revisions"}],"predecessor-version":[{"id":2461,"href":"http:\/\/philippelanglois.net\/lcd\/index.php?rest_route=\/wp\/v2\/pages\/2116\/revisions\/2461"}],"wp:attachment":[{"href":"http:\/\/philippelanglois.net\/lcd\/index.php?rest_route=%2Fwp%2Fv2%2Fmedia&parent=2116"}],"curies":[{"name":"wp","href":"https:\/\/api.w.org\/{rel}","templated":true}]}}