{"id":2212,"date":"2022-07-10T20:10:53","date_gmt":"2022-07-10T18:10:53","guid":{"rendered":"http:\/\/philippelanglois.net\/lcd\/?page_id=2212"},"modified":"2022-07-10T20:14:46","modified_gmt":"2022-07-10T18:14:46","slug":"films","status":"publish","type":"page","link":"http:\/\/philippelanglois.net\/lcd\/?page_id=2212","title":{"rendered":"Films"},"content":{"rendered":"<ul class=\"lcp_catlist\"><li><a href=\"http:\/\/philippelanglois.net\/lcd\/?p=2208\" title=\"DE TINIEBLAS, de Stefano Gervasoni -Image d'une \u0153uvre #26\">DE TINIEBLAS, de Stefano Gervasoni -Image d'une \u0153uvre #26<\/a>   <\/li><li><a href=\"http:\/\/philippelanglois.net\/lcd\/?p=2255\" title=\"EPIGRAM, de Franck Bedrossian, (2018) Image d'une \u0153uvre #24\">EPIGRAM, de Franck Bedrossian, (2018) Image d'une \u0153uvre #24<\/a>   <\/li><li><a href=\"http:\/\/philippelanglois.net\/lcd\/?p=2267\" title=\"EX MACHINA, de Steve Lehman et Fr\u00e9d\u00e9ric Maurin (2022), Images d'une \u0153uvre #29\">EX MACHINA, de Steve Lehman et Fr\u00e9d\u00e9ric Maurin (2022), Images d'une \u0153uvre #29<\/a>   <\/li><li><a href=\"http:\/\/philippelanglois.net\/lcd\/?p=2259\" title=\"GERMINATION, de Jean-Luc Herv\u00e9, (2013), Images d'une \u0153uvre #16\">GERMINATION, de Jean-Luc Herv\u00e9, (2013), Images d'une \u0153uvre #16<\/a>   <\/li><li><a href=\"http:\/\/philippelanglois.net\/lcd\/?p=2033\" title=\"NOTTURNO SULLE CORDE VUOTE de Francesco Filidei (2016), Images d'une \u0153uvre #20\">NOTTURNO SULLE CORDE VUOTE de Francesco Filidei (2016), Images d'une \u0153uvre #20<\/a>   <\/li><li><a href=\"http:\/\/philippelanglois.net\/lcd\/?p=2046\" title=\"SIMPLEXITY, LA BEAUTE DU GESTE (2016) de Thierry De Mey, Image d'une oeuvre #21\">SIMPLEXITY, LA BEAUTE DU GESTE (2016) de Thierry De Mey, Image d'une oeuvre #21<\/a>   <\/li><li><a href=\"http:\/\/philippelanglois.net\/lcd\/?p=2609\" title=\"TELEPHONE de Christian Marclay (1995)\">TELEPHONE de Christian Marclay (1995)<\/a>   <\/li><\/ul>\n","protected":false},"excerpt":{"rendered":"","protected":false},"author":2,"featured_media":0,"parent":2116,"menu_order":2,"comment_status":"closed","ping_status":"closed","template":"","meta":[],"_links":{"self":[{"href":"http:\/\/philippelanglois.net\/lcd\/index.php?rest_route=\/wp\/v2\/pages\/2212"}],"collection":[{"href":"http:\/\/philippelanglois.net\/lcd\/index.php?rest_route=\/wp\/v2\/pages"}],"about":[{"href":"http:\/\/philippelanglois.net\/lcd\/index.php?rest_route=\/wp\/v2\/types\/page"}],"author":[{"embeddable":true,"href":"http:\/\/philippelanglois.net\/lcd\/index.php?rest_route=\/wp\/v2\/users\/2"}],"replies":[{"embeddable":true,"href":"http:\/\/philippelanglois.net\/lcd\/index.php?rest_route=%2Fwp%2Fv2%2Fcomments&post=2212"}],"version-history":[{"count":2,"href":"http:\/\/philippelanglois.net\/lcd\/index.php?rest_route=\/wp\/v2\/pages\/2212\/revisions"}],"predecessor-version":[{"id":2214,"href":"http:\/\/philippelanglois.net\/lcd\/index.php?rest_route=\/wp\/v2\/pages\/2212\/revisions\/2214"}],"up":[{"embeddable":true,"href":"http:\/\/philippelanglois.net\/lcd\/index.php?rest_route=\/wp\/v2\/pages\/2116"}],"wp:attachment":[{"href":"http:\/\/philippelanglois.net\/lcd\/index.php?rest_route=%2Fwp%2Fv2%2Fmedia&parent=2212"}],"curies":[{"name":"wp","href":"https:\/\/api.w.org\/{rel}","templated":true}]}}