{"id":224,"date":"2010-07-29T23:35:05","date_gmt":"2010-07-29T21:35:05","guid":{"rendered":"http:\/\/philippelanglois.net\/lcd\/?page_id=224"},"modified":"2022-11-03T23:03:36","modified_gmt":"2022-11-03T22:03:36","slug":"a-propos-du-site","status":"publish","type":"page","link":"http:\/\/philippelanglois.net\/lcd\/?page_id=224","title":{"rendered":"A propos"},"content":{"rendered":"<p style=\"text-align: justify;\"><span style=\"font-family: arial,helvetica,sans-serif;\">Ce site compagnon vise \u00e0 illustrer<\/span><span style=\"font-family: arial,helvetica,sans-serif;\"> l&rsquo;ouvrage <em>Les Cloches d&rsquo;Atlantis, musique \u00e9lectroacoustique et cin\u00e9ma, Arch\u00e9ologie et histoire d&rsquo;un art sonore<\/em> aux <a href=\"http:\/\/www.editions-mf.com\/spip.php?page=sommaire\">\u00e9ditions mf<\/a> \u00e0 travers de nombreuses ressources documentaires audiovisuelles, extraits de films, musiques, iconographie, articles.<\/span><\/p>\n<p><span style=\"font-family: arial,helvetica,sans-serif;\">&nbsp;<\/span><\/p>\n\n\n<figure class=\"wp-block-image size-large is-resized\"><a href=\"http:\/\/philippelanglois.net\/lcd\/wp-content\/uploads\/2022\/07\/Capture-de\u0301cran-2022-07-10-a\u0300-17.46.21.png\"><img loading=\"lazy\" src=\"http:\/\/philippelanglois.net\/lcd\/wp-content\/uploads\/2022\/07\/Capture-de\u0301cran-2022-07-10-a\u0300-17.46.21-1024x671.png\" alt=\"\" class=\"wp-image-2171\" width=\"1107\" height=\"726\" srcset=\"http:\/\/philippelanglois.net\/lcd\/wp-content\/uploads\/2022\/07\/Capture-de\u0301cran-2022-07-10-a\u0300-17.46.21-1024x671.png 1024w, http:\/\/philippelanglois.net\/lcd\/wp-content\/uploads\/2022\/07\/Capture-de\u0301cran-2022-07-10-a\u0300-17.46.21-300x197.png 300w, http:\/\/philippelanglois.net\/lcd\/wp-content\/uploads\/2022\/07\/Capture-de\u0301cran-2022-07-10-a\u0300-17.46.21-768x504.png 768w, http:\/\/philippelanglois.net\/lcd\/wp-content\/uploads\/2022\/07\/Capture-de\u0301cran-2022-07-10-a\u0300-17.46.21-1536x1007.png 1536w, http:\/\/philippelanglois.net\/lcd\/wp-content\/uploads\/2022\/07\/Capture-de\u0301cran-2022-07-10-a\u0300-17.46.21.png 1952w\" sizes=\"(max-width: 1107px) 100vw, 1107px\" \/><\/a><\/figure>\n\n\n<div class=\"wp-block-image\">\n<figure class=\"aligncenter size-full\"><a href=\"http:\/\/philippelanglois.net\/lcd\/wp-content\/uploads\/2022\/11\/221024-MF-Repercussions_cloches_cover-1.jpg\"><img loading=\"lazy\" width=\"640\" height=\"1005\" src=\"http:\/\/philippelanglois.net\/lcd\/wp-content\/uploads\/2022\/11\/221024-MF-Repercussions_cloches_cover-1.jpg\" alt=\"\" class=\"wp-image-2569\" srcset=\"http:\/\/philippelanglois.net\/lcd\/wp-content\/uploads\/2022\/11\/221024-MF-Repercussions_cloches_cover-1.jpg 640w, http:\/\/philippelanglois.net\/lcd\/wp-content\/uploads\/2022\/11\/221024-MF-Repercussions_cloches_cover-1-191x300.jpg 191w\" sizes=\"(max-width: 640px) 100vw, 640px\" \/><\/a><\/figure><\/div>\n\n<p>La r\u00e9alisation de ce site compagnon, a \u00e9t\u00e9 possible gr\u00e2ce au soutien du Centre National du Livre&nbsp; \u00e0 l&rsquo;aide d&rsquo;une <a href=\"http:\/\/www.centrenationaldulivre.fr\/?SUBVENTIONS-POUR-LA-CREATION-D-UNE#\">subvention pour la cr\u00e9ation d\u2019une \u00e9dition multim\u00e9dia ou d\u2019un projet num\u00e9rique innovant.<\/a><\/p>","protected":false},"excerpt":{"rendered":"<p>Ce site compagnon vise \u00e0 illustrer l&rsquo;ouvrage Les Cloches d&rsquo;Atlantis, musique \u00e9lectroacoustique et cin\u00e9ma, Arch\u00e9ologie et histoire d&rsquo;un art sonore aux \u00e9ditions mf \u00e0 travers de nombreuses ressources documentaires audiovisuelles, extraits de films, musiques, iconographie, articles. &nbsp; La r\u00e9alisation de ce site compagnon, a \u00e9t\u00e9 possible gr\u00e2ce au soutien du Centre National du Livre&nbsp; \u00e0 [&hellip;]<\/p>\n","protected":false},"author":2,"featured_media":0,"parent":314,"menu_order":0,"comment_status":"closed","ping_status":"open","template":"","meta":[],"_links":{"self":[{"href":"http:\/\/philippelanglois.net\/lcd\/index.php?rest_route=\/wp\/v2\/pages\/224"}],"collection":[{"href":"http:\/\/philippelanglois.net\/lcd\/index.php?rest_route=\/wp\/v2\/pages"}],"about":[{"href":"http:\/\/philippelanglois.net\/lcd\/index.php?rest_route=\/wp\/v2\/types\/page"}],"author":[{"embeddable":true,"href":"http:\/\/philippelanglois.net\/lcd\/index.php?rest_route=\/wp\/v2\/users\/2"}],"replies":[{"embeddable":true,"href":"http:\/\/philippelanglois.net\/lcd\/index.php?rest_route=%2Fwp%2Fv2%2Fcomments&post=224"}],"version-history":[{"count":25,"href":"http:\/\/philippelanglois.net\/lcd\/index.php?rest_route=\/wp\/v2\/pages\/224\/revisions"}],"predecessor-version":[{"id":2570,"href":"http:\/\/philippelanglois.net\/lcd\/index.php?rest_route=\/wp\/v2\/pages\/224\/revisions\/2570"}],"up":[{"embeddable":true,"href":"http:\/\/philippelanglois.net\/lcd\/index.php?rest_route=\/wp\/v2\/pages\/314"}],"wp:attachment":[{"href":"http:\/\/philippelanglois.net\/lcd\/index.php?rest_route=%2Fwp%2Fv2%2Fmedia&parent=224"}],"curies":[{"name":"wp","href":"https:\/\/api.w.org\/{rel}","templated":true}]}}