{"id":227,"date":"2010-07-29T23:36:25","date_gmt":"2010-07-29T21:36:25","guid":{"rendered":"http:\/\/philippelanglois.net\/lcd\/?page_id=227"},"modified":"2024-10-26T13:32:28","modified_gmt":"2024-10-26T11:32:28","slug":"a-propos-de-lauteur","status":"publish","type":"page","link":"http:\/\/philippelanglois.net\/lcd\/?page_id=227","title":{"rendered":"Biographie"},"content":{"rendered":"<p class=\"MsoNormal\" style=\"text-align: justify;\"><strong>Philippe Langlois<\/strong> dirige le d\u00e9partement de la p\u00e9dagogie et de la documentation \u00e0 l\u2019Ircam.<\/p>\n<p class=\"MsoNormal\" style=\"text-align: justify;\">Docteur en musicologie, chercheur ind\u00e9pendant, membre associ\u00e9 du laboratoire <em>La cr\u00e9ation sonore<\/em> de l\u2019Universit\u00e9 de Montr\u00e9al, compositeur de bandes sonores pour des films et d&rsquo;installations sonores.<\/p>\n<p class=\"MsoNormal\" style=\"text-align: justify;\">Producteur \u00e0 Radio France de l\u2019Atelier de cr\u00e9ation radiophonique \u00e0 France Culture de 1999 \u00e0 2011.<br \/>Auteur de l&rsquo;ouvrage <em>Les Cloches d&rsquo;Atlantis, musique \u00e9lectroacoustique et cin\u00e9ma, arch\u00e9ologie et histoire d&rsquo;un art sonore<\/em> paru aux \u00e9ditions mf en juin 2012 r\u00e9\u00e9dit\u00e9 en 2022 dans une version augment\u00e9e et corrig\u00e9e.<\/p>\n<p class=\"MsoNormal\" style=\"text-align: justify;\">Enseignant \u00e0 l&rsquo;Universit\u00e9 de Poitiers et Besan\u00e7on puis cofondateur du DNSEP \/ Master design sonore, enseignant l\u2019histoire et la th\u00e9orie du sonore ainsi que la cr\u00e9ation radiophonique \u00e0 l\u2019Ecole Sup\u00e9rieure d&rsquo;Art et de Design de Tours-Angers-Le Mans.<\/p>\n<p class=\"MsoNormal\" style=\"text-align: justify;\">Depuis 2021, il est conseiller artistique de la galerie <a href=\"https:\/\/analixforever.com\/\">Analix Forever<\/a>, \u00e0 Gen\u00e8ve.<\/p>\n<p class=\"MsoNormal\" style=\"text-align: justify;\"><a href=\"mailto:philippe.langlois01@sfr.fr\"><span class=\"MsoNormal\" style=\"text-align: justify;\">Contacter Philippe Langlois par mail\u00a0 <\/span><\/a><a href=\"http:\/\/&lt;A HREF=&quot;mailto:philippe.langlois01@sfr.fr&quot;&gt;philippe.langlois01@sfr.fr&lt;\/A&gt;\">\u00a0<\/a><\/p>\n\n<div class=\"wp-block-image\">\n<figure class=\"aligncenter size-large is-resized\"><a href=\"http:\/\/philippelanglois.net\/lcd\/wp-content\/uploads\/2022\/11\/IMG_E1985.jpg\"><img loading=\"lazy\" src=\"http:\/\/philippelanglois.net\/lcd\/wp-content\/uploads\/2022\/11\/IMG_E1985-614x1024.jpg\" alt=\"\" class=\"wp-image-2462\" width=\"423\" height=\"706\" srcset=\"http:\/\/philippelanglois.net\/lcd\/wp-content\/uploads\/2022\/11\/IMG_E1985-614x1024.jpg 614w, http:\/\/philippelanglois.net\/lcd\/wp-content\/uploads\/2022\/11\/IMG_E1985-180x300.jpg 180w, http:\/\/philippelanglois.net\/lcd\/wp-content\/uploads\/2022\/11\/IMG_E1985.jpg 727w\" sizes=\"(max-width: 423px) 100vw, 423px\" \/><\/a><figcaption>copyright Rapha\u00ebl Rippe <\/figcaption><\/figure><\/div>","protected":false},"excerpt":{"rendered":"<p>Philippe Langlois dirige le d\u00e9partement de la p\u00e9dagogie et de la documentation \u00e0 l\u2019Ircam. Docteur en musicologie, chercheur ind\u00e9pendant, membre associ\u00e9 du laboratoire La cr\u00e9ation sonore de l\u2019Universit\u00e9 de Montr\u00e9al, compositeur de bandes sonores pour des films et d&rsquo;installations sonores. Producteur \u00e0 Radio France de l\u2019Atelier de cr\u00e9ation radiophonique \u00e0 France Culture de 1999 \u00e0 [&hellip;]<\/p>\n","protected":false},"author":2,"featured_media":0,"parent":0,"menu_order":0,"comment_status":"closed","ping_status":"open","template":"","meta":[],"_links":{"self":[{"href":"http:\/\/philippelanglois.net\/lcd\/index.php?rest_route=\/wp\/v2\/pages\/227"}],"collection":[{"href":"http:\/\/philippelanglois.net\/lcd\/index.php?rest_route=\/wp\/v2\/pages"}],"about":[{"href":"http:\/\/philippelanglois.net\/lcd\/index.php?rest_route=\/wp\/v2\/types\/page"}],"author":[{"embeddable":true,"href":"http:\/\/philippelanglois.net\/lcd\/index.php?rest_route=\/wp\/v2\/users\/2"}],"replies":[{"embeddable":true,"href":"http:\/\/philippelanglois.net\/lcd\/index.php?rest_route=%2Fwp%2Fv2%2Fcomments&post=227"}],"version-history":[{"count":35,"href":"http:\/\/philippelanglois.net\/lcd\/index.php?rest_route=\/wp\/v2\/pages\/227\/revisions"}],"predecessor-version":[{"id":2874,"href":"http:\/\/philippelanglois.net\/lcd\/index.php?rest_route=\/wp\/v2\/pages\/227\/revisions\/2874"}],"wp:attachment":[{"href":"http:\/\/philippelanglois.net\/lcd\/index.php?rest_route=%2Fwp%2Fv2%2Fmedia&parent=227"}],"curies":[{"name":"wp","href":"https:\/\/api.w.org\/{rel}","templated":true}]}}