{"id":2282,"date":"2022-07-18T16:51:15","date_gmt":"2022-07-18T14:51:15","guid":{"rendered":"http:\/\/philippelanglois.net\/lcd\/?page_id=2282"},"modified":"2022-07-18T16:52:38","modified_gmt":"2022-07-18T14:52:38","slug":"articles","status":"publish","type":"page","link":"http:\/\/philippelanglois.net\/lcd\/?page_id=2282","title":{"rendered":"Articles"},"content":{"rendered":"<ul class=\"lcp_catlist\"><li><a href=\"http:\/\/philippelanglois.net\/lcd\/?p=2277\" title=\"A L'ECOUTE DU REGARD (2017)\">A L'ECOUTE DU REGARD (2017)<\/a>   <\/li><li><a href=\"http:\/\/philippelanglois.net\/lcd\/?p=616\" title=\"A PETRARQUE, de Jonas Mekas (2010)\">A PETRARQUE, de Jonas Mekas (2010)<\/a>   <\/li><li><a href=\"http:\/\/philippelanglois.net\/lcd\/?p=400\" title=\"CHASSER CROISER \/\/ LE SUREEL ET SON ECHO de Chlo\u00e9\">CHASSER CROISER \/\/ LE SUREEL ET SON ECHO de Chlo\u00e9<\/a>   <\/li><li><a href=\"http:\/\/philippelanglois.net\/lcd\/?p=1929\" title=\"CROSSFADING, Loris Gr\u00e9aud (2015)\">CROSSFADING, Loris Gr\u00e9aud (2015)<\/a>   <\/li><li><a href=\"http:\/\/philippelanglois.net\/lcd\/?p=801\" title=\"DATAPHONICS de Ryoji Ikeda (2006)\">DATAPHONICS de Ryoji Ikeda (2006)<\/a>   <\/li><li><a href=\"http:\/\/philippelanglois.net\/lcd\/?p=2311\" title=\"JEAN GREMILLON, PIONNIER DE LA MUSIQUE CONCRETE (2019)\">JEAN GREMILLON, PIONNIER DE LA MUSIQUE CONCRETE (2019)<\/a>   <\/li><li><a href=\"http:\/\/philippelanglois.net\/lcd\/?p=342\" title=\"JERK\/\/ A TRAVERS LEURS LARMES de Dennis Cooper et Gis\u00e8le Vienne\">JERK\/\/ A TRAVERS LEURS LARMES de Dennis Cooper et Gis\u00e8le Vienne<\/a>   <\/li><li><a href=\"http:\/\/philippelanglois.net\/lcd\/?p=806\" title=\"JOURS D'EAU de Lee Ranaldo et Leah Singer (2008)\">JOURS D'EAU de Lee Ranaldo et Leah Singer (2008)<\/a>   <\/li><li><a href=\"http:\/\/philippelanglois.net\/lcd\/?p=1303\" title=\"La collection ZAG ZIG, \u00e0 City Sonic \">La collection ZAG ZIG, \u00e0 City Sonic <\/a>   <\/li><li><a href=\"http:\/\/philippelanglois.net\/lcd\/?p=2296\" title=\"LAST WORDS, de Vanessa Place (2015)\">LAST WORDS, de Vanessa Place (2015)<\/a>   <\/li><li><a href=\"http:\/\/philippelanglois.net\/lcd\/?p=2535\" title=\"LES CLOCHES D'ATLANTIS, MUSIQUE ELECTROACOUSTIQUE ET CINEMA, nouvelle \u00e9dition, augment\u00e9e et corrig\u00e9e, \u00e9ditions mf\">LES CLOCHES D'ATLANTIS, MUSIQUE ELECTROACOUSTIQUE ET CINEMA, nouvelle \u00e9dition, augment\u00e9e et corrig\u00e9e, \u00e9ditions mf<\/a>   <\/li><li><a href=\"http:\/\/philippelanglois.net\/lcd\/?p=1157\" title=\"MEDEA du collectif Soundwalk (2012)\">MEDEA du collectif Soundwalk (2012)<\/a>   <\/li><li><a href=\"http:\/\/philippelanglois.net\/lcd\/?p=2307\" title=\"Musique contemporaine et cin\u00e9ma\u00a0: panorama d\u2019un territoire sans fronti\u00e8res (2016)\">Musique contemporaine et cin\u00e9ma\u00a0: panorama d\u2019un territoire sans fronti\u00e8res (2016)<\/a>   <\/li><li><a href=\"http:\/\/philippelanglois.net\/lcd\/?p=2288\" title=\"MUSIQUE ET POESIE AUJOURD'HUI, Entretien avec Laure Gauthier (2019)\">MUSIQUE ET POESIE AUJOURD'HUI, Entretien avec Laure Gauthier (2019)<\/a>   <\/li><li><a href=\"http:\/\/philippelanglois.net\/lcd\/?p=607\" title=\"RIEN DANS LES POCHES \/ NOTHING IN MY POCKETS, de Laurie Anderson (2006)\">RIEN DANS LES POCHES \/ NOTHING IN MY POCKETS, de Laurie Anderson (2006)<\/a>   <\/li><\/ul>\n","protected":false},"excerpt":{"rendered":"","protected":false},"author":2,"featured_media":0,"parent":357,"menu_order":0,"comment_status":"closed","ping_status":"closed","template":"","meta":[],"_links":{"self":[{"href":"http:\/\/philippelanglois.net\/lcd\/index.php?rest_route=\/wp\/v2\/pages\/2282"}],"collection":[{"href":"http:\/\/philippelanglois.net\/lcd\/index.php?rest_route=\/wp\/v2\/pages"}],"about":[{"href":"http:\/\/philippelanglois.net\/lcd\/index.php?rest_route=\/wp\/v2\/types\/page"}],"author":[{"embeddable":true,"href":"http:\/\/philippelanglois.net\/lcd\/index.php?rest_route=\/wp\/v2\/users\/2"}],"replies":[{"embeddable":true,"href":"http:\/\/philippelanglois.net\/lcd\/index.php?rest_route=%2Fwp%2Fv2%2Fcomments&post=2282"}],"version-history":[{"count":1,"href":"http:\/\/philippelanglois.net\/lcd\/index.php?rest_route=\/wp\/v2\/pages\/2282\/revisions"}],"predecessor-version":[{"id":2283,"href":"http:\/\/philippelanglois.net\/lcd\/index.php?rest_route=\/wp\/v2\/pages\/2282\/revisions\/2283"}],"up":[{"embeddable":true,"href":"http:\/\/philippelanglois.net\/lcd\/index.php?rest_route=\/wp\/v2\/pages\/357"}],"wp:attachment":[{"href":"http:\/\/philippelanglois.net\/lcd\/index.php?rest_route=%2Fwp%2Fv2%2Fmedia&parent=2282"}],"curies":[{"name":"wp","href":"https:\/\/api.w.org\/{rel}","templated":true}]}}