{"id":252,"date":"2010-07-30T22:33:33","date_gmt":"2010-07-30T20:33:33","guid":{"rendered":"http:\/\/philippelanglois.net\/lcd\/?page_id=252"},"modified":"2022-07-09T19:55:27","modified_gmt":"2022-07-09T17:55:27","slug":"2eme-etage-sculptures-sonores","status":"publish","type":"page","link":"http:\/\/philippelanglois.net\/lcd\/?page_id=252","title":{"rendered":"sculptures sonores"},"content":{"rendered":"<p>Espace d\u00e9di\u00e9 aux \u0153uvres relevant de la notion de sculpture sonore.<\/p>\n<ul class=\"lcp_catlist\"><li><a href=\"http:\/\/philippelanglois.net\/lcd\/?p=542\" title=\"\"WIDOW\" (2004) de Anish Kapoor\">\"WIDOW\" (2004) de Anish Kapoor<\/a>   <\/li><li><a href=\"http:\/\/philippelanglois.net\/lcd\/?p=1023\" title=\"BEETHOVEN TRUMPET (WITH EAR) op # 133 de John Baldessari (2007)\">BEETHOVEN TRUMPET (WITH EAR) op # 133 de John Baldessari (2007)<\/a>   <\/li><li><a href=\"http:\/\/philippelanglois.net\/lcd\/?p=1584\" title=\"BOX WITH THE SOUND OF IT'S OWN MAKING, Robert Morris (1961)\">BOX WITH THE SOUND OF IT'S OWN MAKING, Robert Morris (1961)<\/a>   <\/li><li><a href=\"http:\/\/philippelanglois.net\/lcd\/?p=1480\" title=\"CONCRETE STEREO de Ron Arad (1983)\">CONCRETE STEREO de Ron Arad (1983)<\/a>   <\/li><li><a href=\"http:\/\/philippelanglois.net\/lcd\/?p=2571\" title=\"CRINO\u00cfDOPHONE de Tanguy Clerc (2021)\">CRINO\u00cfDOPHONE de Tanguy Clerc (2021)<\/a>   <\/li><li><a href=\"http:\/\/philippelanglois.net\/lcd\/?p=1318\" title=\"DAS SCHWEIGEN (LE SILENCE) de Joseph Beuys (1973)\">DAS SCHWEIGEN (LE SILENCE) de Joseph Beuys (1973)<\/a>   <\/li><li><a href=\"http:\/\/philippelanglois.net\/lcd\/?p=867\" title=\"MUSICALES de Vassilakis Takis (1977)\">MUSICALES de Vassilakis Takis (1977)<\/a>   <\/li><li><a href=\"http:\/\/philippelanglois.net\/lcd\/?p=858\" title=\"ORACLE de Robert Rauschenberg (1962-65)\">ORACLE de Robert Rauschenberg (1962-65)<\/a>   <\/li><li><a href=\"http:\/\/philippelanglois.net\/lcd\/?p=1598\" title=\"PENDULUM MUSIC, Steve Reich (1968)\">PENDULUM MUSIC, Steve Reich (1968)<\/a>   <\/li><li><a href=\"http:\/\/philippelanglois.net\/lcd\/?p=1940\" title=\"SCANNER, C\u00e9leste Boursier-Mougenot (2006)\">SCANNER, C\u00e9leste Boursier-Mougenot (2006)<\/a>   <\/li><li><a href=\"http:\/\/philippelanglois.net\/lcd\/?p=1531\" title=\"SECRET de Christian Marclay (2008)\">SECRET de Christian Marclay (2008)<\/a>   <\/li><li><a href=\"http:\/\/philippelanglois.net\/lcd\/?p=1525\" title=\"SILENT PARTY de SU-MEI TSE (2010)\">SILENT PARTY de SU-MEI TSE (2010)<\/a>   <\/li><li><a href=\"http:\/\/philippelanglois.net\/lcd\/?p=1988\" title=\"SINGING CLOUD, Shilpa Gupta  (2008-2009)\">SINGING CLOUD, Shilpa Gupta  (2008-2009)<\/a>   <\/li><li><a href=\"http:\/\/philippelanglois.net\/lcd\/?p=1020\" title=\"STOP de Douglas Henderson (2007)\">STOP de Douglas Henderson (2007)<\/a>   <\/li><li><a href=\"http:\/\/philippelanglois.net\/lcd\/?p=1501\" title=\"TELEPHONE APHRODISIAQUE, de Salvadore Dali (1938)\">TELEPHONE APHRODISIAQUE, de Salvadore Dali (1938)<\/a>   <\/li><\/ul>\n","protected":false},"excerpt":{"rendered":"<p>Espace d\u00e9di\u00e9 aux \u0153uvres relevant de la notion de sculpture sonore.<\/p>\n","protected":false},"author":2,"featured_media":0,"parent":216,"menu_order":5,"comment_status":"closed","ping_status":"open","template":"","meta":[],"_links":{"self":[{"href":"http:\/\/philippelanglois.net\/lcd\/index.php?rest_route=\/wp\/v2\/pages\/252"}],"collection":[{"href":"http:\/\/philippelanglois.net\/lcd\/index.php?rest_route=\/wp\/v2\/pages"}],"about":[{"href":"http:\/\/philippelanglois.net\/lcd\/index.php?rest_route=\/wp\/v2\/types\/page"}],"author":[{"embeddable":true,"href":"http:\/\/philippelanglois.net\/lcd\/index.php?rest_route=\/wp\/v2\/users\/2"}],"replies":[{"embeddable":true,"href":"http:\/\/philippelanglois.net\/lcd\/index.php?rest_route=%2Fwp%2Fv2%2Fcomments&post=252"}],"version-history":[{"count":9,"href":"http:\/\/philippelanglois.net\/lcd\/index.php?rest_route=\/wp\/v2\/pages\/252\/revisions"}],"predecessor-version":[{"id":2108,"href":"http:\/\/philippelanglois.net\/lcd\/index.php?rest_route=\/wp\/v2\/pages\/252\/revisions\/2108"}],"up":[{"embeddable":true,"href":"http:\/\/philippelanglois.net\/lcd\/index.php?rest_route=\/wp\/v2\/pages\/216"}],"wp:attachment":[{"href":"http:\/\/philippelanglois.net\/lcd\/index.php?rest_route=%2Fwp%2Fv2%2Fmedia&parent=252"}],"curies":[{"name":"wp","href":"https:\/\/api.w.org\/{rel}","templated":true}]}}