{"id":258,"date":"2010-07-30T22:51:33","date_gmt":"2010-07-30T20:51:33","guid":{"rendered":"http:\/\/philippelanglois.net\/lcd\/?page_id=258"},"modified":"2022-07-09T19:56:24","modified_gmt":"2022-07-09T17:56:24","slug":"3eme-etage-oeuvres-musicales","status":"publish","type":"page","link":"http:\/\/philippelanglois.net\/lcd\/?page_id=258","title":{"rendered":"\u0153uvres musicales"},"content":{"rendered":"<p>Espace d\u00e9di\u00e9 aux nouvelles lutheries, \u00e0 la musique exp\u00e9rimentale ou en lien avec les arts plastiques et \u00e0 l&rsquo;histoire des inventions et des techniques sonores.<\/p>\n<ul class=\"lcp_catlist\"><li><a href=\"http:\/\/philippelanglois.net\/lcd\/?p=384\" title=\"ARTIKULATION de Gyorgy Ligeti\">ARTIKULATION de Gyorgy Ligeti<\/a>   <\/li><li><a href=\"http:\/\/philippelanglois.net\/lcd\/?p=1283\" title=\"JACK ELLITT, pionnier de la synth\u00e8se optique\">JACK ELLITT, pionnier de la synth\u00e8se optique<\/a>   <\/li><li><a href=\"http:\/\/philippelanglois.net\/lcd\/?p=161\" title=\"PHONAUTOGRAPHE, de L\u00e9on Scott de Martainville (1853)\">PHONAUTOGRAPHE, de L\u00e9on Scott de Martainville (1853)<\/a>   <\/li><li><a href=\"http:\/\/philippelanglois.net\/lcd\/?p=553\" title=\"POEME SYMPHONIQUE POUR 100 METRONOMES (1962) de Gyorgy Ligeti\">POEME SYMPHONIQUE POUR 100 METRONOMES (1962) de Gyorgy Ligeti<\/a>   <\/li><li><a href=\"http:\/\/philippelanglois.net\/lcd\/?p=839\" title=\"RUBAN DE MOEBIUS de Markus Raetz (2010)\">RUBAN DE MOEBIUS de Markus Raetz (2010)<\/a>   <\/li><li><a href=\"http:\/\/philippelanglois.net\/lcd\/?p=1940\" title=\"SCANNER, C\u00e9leste Boursier-Mougenot (2006)\">SCANNER, C\u00e9leste Boursier-Mougenot (2006)<\/a>   <\/li><li><a href=\"http:\/\/philippelanglois.net\/lcd\/?p=1807\" title=\"THE WORKERS FUNERAL MARCH, Arseny Avraamov (1922)\">THE WORKERS FUNERAL MARCH, Arseny Avraamov (1922)<\/a>   <\/li><\/ul>\n","protected":false},"excerpt":{"rendered":"<p>Espace d\u00e9di\u00e9 aux nouvelles lutheries, \u00e0 la musique exp\u00e9rimentale ou en lien avec les arts plastiques et \u00e0 l&rsquo;histoire des inventions et des techniques sonores.<\/p>\n","protected":false},"author":2,"featured_media":0,"parent":216,"menu_order":6,"comment_status":"closed","ping_status":"open","template":"","meta":[],"_links":{"self":[{"href":"http:\/\/philippelanglois.net\/lcd\/index.php?rest_route=\/wp\/v2\/pages\/258"}],"collection":[{"href":"http:\/\/philippelanglois.net\/lcd\/index.php?rest_route=\/wp\/v2\/pages"}],"about":[{"href":"http:\/\/philippelanglois.net\/lcd\/index.php?rest_route=\/wp\/v2\/types\/page"}],"author":[{"embeddable":true,"href":"http:\/\/philippelanglois.net\/lcd\/index.php?rest_route=\/wp\/v2\/users\/2"}],"replies":[{"embeddable":true,"href":"http:\/\/philippelanglois.net\/lcd\/index.php?rest_route=%2Fwp%2Fv2%2Fcomments&post=258"}],"version-history":[{"count":21,"href":"http:\/\/philippelanglois.net\/lcd\/index.php?rest_route=\/wp\/v2\/pages\/258\/revisions"}],"predecessor-version":[{"id":2113,"href":"http:\/\/philippelanglois.net\/lcd\/index.php?rest_route=\/wp\/v2\/pages\/258\/revisions\/2113"}],"up":[{"embeddable":true,"href":"http:\/\/philippelanglois.net\/lcd\/index.php?rest_route=\/wp\/v2\/pages\/216"}],"wp:attachment":[{"href":"http:\/\/philippelanglois.net\/lcd\/index.php?rest_route=%2Fwp%2Fv2%2Fmedia&parent=258"}],"curies":[{"name":"wp","href":"https:\/\/api.w.org\/{rel}","templated":true}]}}