{"id":267,"date":"2010-07-30T23:05:32","date_gmt":"2010-07-30T21:05:32","guid":{"rendered":"http:\/\/philippelanglois.net\/lcd\/?page_id=267"},"modified":"2022-07-09T19:55:10","modified_gmt":"2022-07-09T17:55:10","slug":"rez-de-chaussee-oeuvres-graphiques","status":"publish","type":"page","link":"http:\/\/philippelanglois.net\/lcd\/?page_id=267","title":{"rendered":"Oeuvres graphiques"},"content":{"rendered":"<p>Espace d\u00e9di\u00e9 \u00e0 la peinture et aux \u0153uvres graphiques sonores.<\/p>\n<ul class=\"lcp_catlist\"><li><a href=\"http:\/\/philippelanglois.net\/lcd\/?p=1328\" title=\"4'33\" de John Cage (1952)\">4'33\" de John Cage (1952)<\/a>   <\/li><li><a href=\"http:\/\/philippelanglois.net\/lcd\/?p=1085\" title=\"A LA POINTE DE LA PLUME de Norman McLaren (1950)\">A LA POINTE DE LA PLUME de Norman McLaren (1950)<\/a>   <\/li><li><a href=\"http:\/\/philippelanglois.net\/lcd\/?p=384\" title=\"ARTIKULATION de Gyorgy Ligeti\">ARTIKULATION de Gyorgy Ligeti<\/a>   <\/li><li><a href=\"http:\/\/philippelanglois.net\/lcd\/?p=1091\" title=\"DOTS de Norman McLaren (1940)\">DOTS de Norman McLaren (1940)<\/a>   <\/li><li><a href=\"http:\/\/philippelanglois.net\/lcd\/?p=782\" title=\"ETUDE DE STAGE : REFLETS de Ivo Malec (1961) \">ETUDE DE STAGE : REFLETS de Ivo Malec (1961) <\/a>   <\/li><li><a href=\"http:\/\/philippelanglois.net\/lcd\/?p=1323\" title=\"IN FUTURUM de Erwin Schulhoff (1919)\">IN FUTURUM de Erwin Schulhoff (1919)<\/a>   <\/li><li><a href=\"http:\/\/philippelanglois.net\/lcd\/?p=839\" title=\"RUBAN DE MOEBIUS de Markus Raetz (2010)\">RUBAN DE MOEBIUS de Markus Raetz (2010)<\/a>   <\/li><li><a href=\"http:\/\/philippelanglois.net\/lcd\/?p=891\" title=\"RYTHMES de Robert Delaunay (1934)\">RYTHMES de Robert Delaunay (1934)<\/a>   <\/li><li><a href=\"http:\/\/philippelanglois.net\/lcd\/?p=81\" title=\"SEQUENCES ET VARIATIONS DE STRUCTURES BRUITISTES\">SEQUENCES ET VARIATIONS DE STRUCTURES BRUITISTES<\/a>   <\/li><li><a href=\"http:\/\/philippelanglois.net\/lcd\/?p=1067\" title=\"YEVGENY CHOLPO, pionnier russe de la synth\u00e8se optique  \">YEVGENY CHOLPO, pionnier russe de la synth\u00e8se optique  <\/a>   <\/li><\/ul>\n","protected":false},"excerpt":{"rendered":"<p>Espace d\u00e9di\u00e9 \u00e0 la peinture et aux \u0153uvres graphiques sonores.<\/p>\n","protected":false},"author":2,"featured_media":0,"parent":216,"menu_order":3,"comment_status":"closed","ping_status":"open","template":"","meta":[],"_links":{"self":[{"href":"http:\/\/philippelanglois.net\/lcd\/index.php?rest_route=\/wp\/v2\/pages\/267"}],"collection":[{"href":"http:\/\/philippelanglois.net\/lcd\/index.php?rest_route=\/wp\/v2\/pages"}],"about":[{"href":"http:\/\/philippelanglois.net\/lcd\/index.php?rest_route=\/wp\/v2\/types\/page"}],"author":[{"embeddable":true,"href":"http:\/\/philippelanglois.net\/lcd\/index.php?rest_route=\/wp\/v2\/users\/2"}],"replies":[{"embeddable":true,"href":"http:\/\/philippelanglois.net\/lcd\/index.php?rest_route=%2Fwp%2Fv2%2Fcomments&post=267"}],"version-history":[{"count":7,"href":"http:\/\/philippelanglois.net\/lcd\/index.php?rest_route=\/wp\/v2\/pages\/267\/revisions"}],"predecessor-version":[{"id":2106,"href":"http:\/\/philippelanglois.net\/lcd\/index.php?rest_route=\/wp\/v2\/pages\/267\/revisions\/2106"}],"up":[{"embeddable":true,"href":"http:\/\/philippelanglois.net\/lcd\/index.php?rest_route=\/wp\/v2\/pages\/216"}],"wp:attachment":[{"href":"http:\/\/philippelanglois.net\/lcd\/index.php?rest_route=%2Fwp%2Fv2%2Fmedia&parent=267"}],"curies":[{"name":"wp","href":"https:\/\/api.w.org\/{rel}","templated":true}]}}