{"id":272,"date":"2010-07-30T23:08:15","date_gmt":"2010-07-30T21:08:15","guid":{"rendered":"http:\/\/philippelanglois.net\/lcd\/?page_id=272"},"modified":"2022-07-09T19:55:33","modified_gmt":"2022-07-09T17:55:33","slug":"rez-de-chaussee-synesthesie","status":"publish","type":"page","link":"http:\/\/philippelanglois.net\/lcd\/?page_id=272","title":{"rendered":"Synesth\u00e9sie"},"content":{"rendered":"<p>Espace d\u00e9di\u00e9 aux \u0153uvres \u00e0 port\u00e9e synesth\u00e9sique.<\/p>\n<ul class=\"lcp_catlist\"><li><a href=\"http:\/\/philippelanglois.net\/lcd\/?p=2679\" title=\"ABC IN SOUND, de Laszlo Moholy-Nagy (1933)\">ABC IN SOUND, de Laszlo Moholy-Nagy (1933)<\/a>   <\/li><li><a href=\"http:\/\/philippelanglois.net\/lcd\/?p=1078\" title=\"FIVE ABSTRACT FILM EXERCICES de John et James Whitney (1941-1944)\">FIVE ABSTRACT FILM EXERCICES de John et James Whitney (1941-1944)<\/a>   <\/li><li><a href=\"http:\/\/philippelanglois.net\/lcd\/?p=1396\" title=\"GANTZ GRAF de Autechre (2002)\">GANTZ GRAF de Autechre (2002)<\/a>   <\/li><li><a href=\"http:\/\/philippelanglois.net\/lcd\/?p=1062\" title=\"ORNAMENT SOUND de Oskar Fischinger (1931)\">ORNAMENT SOUND de Oskar Fischinger (1931)<\/a>   <\/li><li><a href=\"http:\/\/philippelanglois.net\/lcd\/?p=891\" title=\"RYTHMES de Robert Delaunay (1934)\">RYTHMES de Robert Delaunay (1934)<\/a>   <\/li><li><a href=\"http:\/\/philippelanglois.net\/lcd\/?p=1390\" title=\"SYNTHESE AUDIO GRAPHIQUE dans l'\u0153uvre de Ryoji Ikeda\">SYNTHESE AUDIO GRAPHIQUE dans l'\u0153uvre de Ryoji Ikeda<\/a>   <\/li><\/ul>\n","protected":false},"excerpt":{"rendered":"<p>Espace d\u00e9di\u00e9 aux \u0153uvres \u00e0 port\u00e9e synesth\u00e9sique.<\/p>\n","protected":false},"author":2,"featured_media":0,"parent":216,"menu_order":3,"comment_status":"closed","ping_status":"open","template":"","meta":[],"_links":{"self":[{"href":"http:\/\/philippelanglois.net\/lcd\/index.php?rest_route=\/wp\/v2\/pages\/272"}],"collection":[{"href":"http:\/\/philippelanglois.net\/lcd\/index.php?rest_route=\/wp\/v2\/pages"}],"about":[{"href":"http:\/\/philippelanglois.net\/lcd\/index.php?rest_route=\/wp\/v2\/types\/page"}],"author":[{"embeddable":true,"href":"http:\/\/philippelanglois.net\/lcd\/index.php?rest_route=\/wp\/v2\/users\/2"}],"replies":[{"embeddable":true,"href":"http:\/\/philippelanglois.net\/lcd\/index.php?rest_route=%2Fwp%2Fv2%2Fcomments&post=272"}],"version-history":[{"count":6,"href":"http:\/\/philippelanglois.net\/lcd\/index.php?rest_route=\/wp\/v2\/pages\/272\/revisions"}],"predecessor-version":[{"id":2110,"href":"http:\/\/philippelanglois.net\/lcd\/index.php?rest_route=\/wp\/v2\/pages\/272\/revisions\/2110"}],"up":[{"embeddable":true,"href":"http:\/\/philippelanglois.net\/lcd\/index.php?rest_route=\/wp\/v2\/pages\/216"}],"wp:attachment":[{"href":"http:\/\/philippelanglois.net\/lcd\/index.php?rest_route=%2Fwp%2Fv2%2Fmedia&parent=272"}],"curies":[{"name":"wp","href":"https:\/\/api.w.org\/{rel}","templated":true}]}}