{"id":296,"date":"2010-07-30T23:37:25","date_gmt":"2010-07-30T21:37:25","guid":{"rendered":"http:\/\/philippelanglois.net\/lcd\/?page_id=296"},"modified":"2022-07-09T19:57:41","modified_gmt":"2022-07-09T17:57:41","slug":"salon-du-silence","status":"publish","type":"page","link":"http:\/\/philippelanglois.net\/lcd\/?page_id=296","title":{"rendered":"Salon d&rsquo;\u00e9coute"},"content":{"rendered":"<p>Lieu d\u00e9di\u00e9 aux \u0153uvres sur support et aux hommages d&rsquo;artistes.<\/p>\n<ul class=\"lcp_catlist\"><li><a href=\"http:\/\/philippelanglois.net\/lcd\/?p=616\" title=\"A PETRARQUE, de Jonas Mekas (2010)\">A PETRARQUE, de Jonas Mekas (2010)<\/a>   <\/li><li><a href=\"http:\/\/philippelanglois.net\/lcd\/?p=1032\" title=\"I'M SITTING IN A ROOM de Alvin Lucier (1969)\">I'M SITTING IN A ROOM de Alvin Lucier (1969)<\/a>   <\/li><li><a href=\"http:\/\/philippelanglois.net\/lcd\/?p=1512\" title=\"IMAGINARY LANDSCAPE NO.4 de John Cage (1951)\">IMAGINARY LANDSCAPE NO.4 de John Cage (1951)<\/a>   <\/li><li><a href=\"http:\/\/philippelanglois.net\/lcd\/?p=1535\" title=\"INTONARUMORI & L'ART DES BRUITS, de Luigi Russolo (11 mars 1913)\">INTONARUMORI & L'ART DES BRUITS, de Luigi Russolo (11 mars 1913)<\/a>   <\/li><li><a href=\"http:\/\/philippelanglois.net\/lcd\/?p=342\" title=\"JERK\/\/ A TRAVERS LEURS LARMES de Dennis Cooper et Gis\u00e8le Vienne\">JERK\/\/ A TRAVERS LEURS LARMES de Dennis Cooper et Gis\u00e8le Vienne<\/a>   <\/li><li><a href=\"http:\/\/philippelanglois.net\/lcd\/?p=1157\" title=\"MEDEA du collectif Soundwalk (2012)\">MEDEA du collectif Soundwalk (2012)<\/a>   <\/li><li><a href=\"http:\/\/philippelanglois.net\/lcd\/?p=1487\" title=\"RADIO MUSIC de John Cage (1956) \">RADIO MUSIC de John Cage (1956) <\/a>   <\/li><li><a href=\"http:\/\/philippelanglois.net\/lcd\/?p=607\" title=\"RIEN DANS LES POCHES \/ NOTHING IN MY POCKETS, de Laurie Anderson (2006)\">RIEN DANS LES POCHES \/ NOTHING IN MY POCKETS, de Laurie Anderson (2006)<\/a>   <\/li><li><a href=\"http:\/\/philippelanglois.net\/lcd\/?p=692\" title=\"WEEK-END de Walter Ruttmann (1930)\">WEEK-END de Walter Ruttmann (1930)<\/a>   <\/li><\/ul>\n","protected":false},"excerpt":{"rendered":"<p>Lieu d\u00e9di\u00e9 aux \u0153uvres sur support et aux hommages d&rsquo;artistes.<\/p>\n","protected":false},"author":2,"featured_media":0,"parent":216,"menu_order":9,"comment_status":"closed","ping_status":"open","template":"","meta":[],"_links":{"self":[{"href":"http:\/\/philippelanglois.net\/lcd\/index.php?rest_route=\/wp\/v2\/pages\/296"}],"collection":[{"href":"http:\/\/philippelanglois.net\/lcd\/index.php?rest_route=\/wp\/v2\/pages"}],"about":[{"href":"http:\/\/philippelanglois.net\/lcd\/index.php?rest_route=\/wp\/v2\/types\/page"}],"author":[{"embeddable":true,"href":"http:\/\/philippelanglois.net\/lcd\/index.php?rest_route=\/wp\/v2\/users\/2"}],"replies":[{"embeddable":true,"href":"http:\/\/philippelanglois.net\/lcd\/index.php?rest_route=%2Fwp%2Fv2%2Fcomments&post=296"}],"version-history":[{"count":5,"href":"http:\/\/philippelanglois.net\/lcd\/index.php?rest_route=\/wp\/v2\/pages\/296\/revisions"}],"predecessor-version":[{"id":2115,"href":"http:\/\/philippelanglois.net\/lcd\/index.php?rest_route=\/wp\/v2\/pages\/296\/revisions\/2115"}],"up":[{"embeddable":true,"href":"http:\/\/philippelanglois.net\/lcd\/index.php?rest_route=\/wp\/v2\/pages\/216"}],"wp:attachment":[{"href":"http:\/\/philippelanglois.net\/lcd\/index.php?rest_route=%2Fwp%2Fv2%2Fmedia&parent=296"}],"curies":[{"name":"wp","href":"https:\/\/api.w.org\/{rel}","templated":true}]}}