{"id":314,"date":"2010-07-31T01:37:21","date_gmt":"2010-07-30T23:37:21","guid":{"rendered":"http:\/\/philippelanglois.net\/lcd\/?page_id=314"},"modified":"2022-07-09T20:18:40","modified_gmt":"2022-07-09T18:18:40","slug":"les-cloches-datlantis","status":"publish","type":"page","link":"http:\/\/philippelanglois.net\/lcd\/?page_id=314","title":{"rendered":"Les Cloches d&rsquo;Atlantis"},"content":{"rendered":"<p>Ce menu documente l&rsquo;ouvrage <em>Les cloches d&rsquo;Atlantis, musique \u00e9lectroacoustique et cin\u00e9ma, arch\u00e9ologie et histoire d&rsquo;un art sonore<\/em> paru aux \u00e9ditions mf en janvier 2012, et en version corrig\u00e9e et augment\u00e9e en septembre 2022.<\/p>\n","protected":false},"excerpt":{"rendered":"<p>Ce menu documente l&rsquo;ouvrage Les cloches d&rsquo;Atlantis, musique \u00e9lectroacoustique et cin\u00e9ma, arch\u00e9ologie et histoire d&rsquo;un art sonore paru aux \u00e9ditions mf en janvier 2012, et en version corrig\u00e9e et augment\u00e9e en septembre 2022.<\/p>\n","protected":false},"author":2,"featured_media":0,"parent":0,"menu_order":2,"comment_status":"closed","ping_status":"open","template":"","meta":[],"_links":{"self":[{"href":"http:\/\/philippelanglois.net\/lcd\/index.php?rest_route=\/wp\/v2\/pages\/314"}],"collection":[{"href":"http:\/\/philippelanglois.net\/lcd\/index.php?rest_route=\/wp\/v2\/pages"}],"about":[{"href":"http:\/\/philippelanglois.net\/lcd\/index.php?rest_route=\/wp\/v2\/types\/page"}],"author":[{"embeddable":true,"href":"http:\/\/philippelanglois.net\/lcd\/index.php?rest_route=\/wp\/v2\/users\/2"}],"replies":[{"embeddable":true,"href":"http:\/\/philippelanglois.net\/lcd\/index.php?rest_route=%2Fwp%2Fv2%2Fcomments&post=314"}],"version-history":[{"count":6,"href":"http:\/\/philippelanglois.net\/lcd\/index.php?rest_route=\/wp\/v2\/pages\/314\/revisions"}],"predecessor-version":[{"id":2120,"href":"http:\/\/philippelanglois.net\/lcd\/index.php?rest_route=\/wp\/v2\/pages\/314\/revisions\/2120"}],"wp:attachment":[{"href":"http:\/\/philippelanglois.net\/lcd\/index.php?rest_route=%2Fwp%2Fv2%2Fmedia&parent=314"}],"curies":[{"name":"wp","href":"https:\/\/api.w.org\/{rel}","templated":true}]}}