{"id":357,"date":"2010-07-31T03:17:56","date_gmt":"2010-07-31T01:17:56","guid":{"rendered":"http:\/\/philippelanglois.net\/lcd\/?page_id=357"},"modified":"2022-07-10T11:12:02","modified_gmt":"2022-07-10T09:12:02","slug":"recherche","status":"publish","type":"page","link":"https:\/\/philippelanglois.net\/lcd\/?page_id=357","title":{"rendered":"Publications"},"content":{"rendered":"\n<p><\/p>\n\n\n<p>Un travail de recherche orient\u00e9 vers des probl\u00e9matiques historiques et esth\u00e9tiques en lien avec l&rsquo;utilisation du son et de la musique dans les arts technologiques : le cin\u00e9ma, la radio, la vid\u00e9o, l&rsquo;art sonore.<\/p>\n<ul class=\"lcp_catlist\"><\/ul>","protected":false},"excerpt":{"rendered":"<p>Un travail de recherche orient\u00e9 vers des probl\u00e9matiques historiques et esth\u00e9tiques en lien avec l&rsquo;utilisation du son et de la musique dans les arts technologiques : le cin\u00e9ma, la radio, la vid\u00e9o, l&rsquo;art sonore.<\/p>\n","protected":false},"author":2,"featured_media":0,"parent":0,"menu_order":6,"comment_status":"closed","ping_status":"open","template":"","meta":[],"_links":{"self":[{"href":"https:\/\/philippelanglois.net\/lcd\/index.php?rest_route=\/wp\/v2\/pages\/357"}],"collection":[{"href":"https:\/\/philippelanglois.net\/lcd\/index.php?rest_route=\/wp\/v2\/pages"}],"about":[{"href":"https:\/\/philippelanglois.net\/lcd\/index.php?rest_route=\/wp\/v2\/types\/page"}],"author":[{"embeddable":true,"href":"https:\/\/philippelanglois.net\/lcd\/index.php?rest_route=\/wp\/v2\/users\/2"}],"replies":[{"embeddable":true,"href":"https:\/\/philippelanglois.net\/lcd\/index.php?rest_route=%2Fwp%2Fv2%2Fcomments&post=357"}],"version-history":[{"count":6,"href":"https:\/\/philippelanglois.net\/lcd\/index.php?rest_route=\/wp\/v2\/pages\/357\/revisions"}],"predecessor-version":[{"id":2137,"href":"https:\/\/philippelanglois.net\/lcd\/index.php?rest_route=\/wp\/v2\/pages\/357\/revisions\/2137"}],"wp:attachment":[{"href":"https:\/\/philippelanglois.net\/lcd\/index.php?rest_route=%2Fwp%2Fv2%2Fmedia&parent=357"}],"curies":[{"name":"wp","href":"https:\/\/api.w.org\/{rel}","templated":true}]}}